{"id":315,"date":"2018-05-16T16:33:54","date_gmt":"2018-05-16T16:33:54","guid":{"rendered":"https:\/\/www.novamedex.rs\/?page_id=315"},"modified":"2018-05-16T16:33:54","modified_gmt":"2018-05-16T16:33:54","slug":"novosti","status":"publish","type":"page","link":"https:\/\/www.novamedex.rs\/sr\/novosti\/","title":{"rendered":"NOVOSTI"},"content":{"rendered":"<h2>Proizvod je prezentovan na ARCA expo-u u Zagrebu.<\/h2>\n<p>Dodeljena nam je zlatna plaketa na presti\u017enoj Me\u0111unarodnoj izlo\u017ebi inovacija ARCA u Zagrebu.<\/p>\n<div class=\"jas-row jas-page\">\n<div class=\"jas-col-md-6 jas-col-sm-6 jas-col-xs-12 center nopadding\">\n<img decoding=\"async\" class=\"alignnone size-medium wp-image-90 mt__50\" src=\"https:\/\/www.novamedex.rs\/files\/novamedex-04.jpg\" alt=\"Novamedex\" \/><br \/>\n<img decoding=\"async\" class=\"alignnone size-medium wp-image-90 mt__50\" src=\"https:\/\/www.novamedex.rs\/files\/novamedex-01.jpg\" alt=\"Novamedex\" \/>\n<\/div>\n<div class=\"jas-col-md-6 jas-col-sm-6 jas-col-xs-12 center nopadding\">\n<img decoding=\"async\" class=\"alignnone size-medium wp-image-90 mt__50\" src=\"https:\/\/www.novamedex.rs\/files\/novamedex-02.jpg\" alt=\"Novamedex\" \/><br \/>\n<img decoding=\"async\" class=\"alignnone size-medium wp-image-90 mt__50\" src=\"https:\/\/www.novamedex.rs\/files\/novamedex-03.jpg\" alt=\"Novamedex\" \/>\n<\/div>\n<\/div>\n","protected":false},"excerpt":{"rendered":"<p>Proizvod je prezentovan na ARCA expo-u u Zagrebu. Dodeljena nam je zlatna plaketa na presti\u017enoj Me\u0111unarodnoj izlo\u017ebi inovacija ARCA u [&hellip;]<\/p>\n","protected":false},"author":1,"featured_media":0,"parent":0,"menu_order":0,"comment_status":"closed","ping_status":"closed","template":"","meta":{"footnotes":""},"class_list":["post-315","page","type-page","status-publish","hentry"],"_links":{"self":[{"href":"https:\/\/www.novamedex.rs\/sr\/wp-json\/wp\/v2\/pages\/315","targetHints":{"allow":["GET"]}}],"collection":[{"href":"https:\/\/www.novamedex.rs\/sr\/wp-json\/wp\/v2\/pages"}],"about":[{"href":"https:\/\/www.novamedex.rs\/sr\/wp-json\/wp\/v2\/types\/page"}],"author":[{"embeddable":true,"href":"https:\/\/www.novamedex.rs\/sr\/wp-json\/wp\/v2\/users\/1"}],"replies":[{"embeddable":true,"href":"https:\/\/www.novamedex.rs\/sr\/wp-json\/wp\/v2\/comments?post=315"}],"version-history":[{"count":2,"href":"https:\/\/www.novamedex.rs\/sr\/wp-json\/wp\/v2\/pages\/315\/revisions"}],"predecessor-version":[{"id":317,"href":"https:\/\/www.novamedex.rs\/sr\/wp-json\/wp\/v2\/pages\/315\/revisions\/317"}],"wp:attachment":[{"href":"https:\/\/www.novamedex.rs\/sr\/wp-json\/wp\/v2\/media?parent=315"}],"curies":[{"name":"wp","href":"https:\/\/api.w.org\/{rel}","templated":true}]}}