{"id":312,"date":"2018-05-16T16:32:54","date_gmt":"2018-05-16T16:32:54","guid":{"rendered":"https:\/\/www.novamedex.rs\/?page_id=312"},"modified":"2018-05-16T16:32:54","modified_gmt":"2018-05-16T16:32:54","slug":"investitori","status":"publish","type":"page","link":"https:\/\/www.novamedex.rs\/sr\/investitori\/","title":{"rendered":"INVESTITORI"},"content":{"rendered":"<h2>Na\u0161i investitori<\/h2>\n<p>Novamedex je plod velikog rada. Njen multidisciplinarni tim radi ve\u0107 mnogo godina na razvijanju inovativnih re\u0161enja i na razvijanju mre\u017ee kompetentnih ljudi spremnih da osvoje tr\u017ei\u0161ta \u0161irom sveta.<\/p>\n<p>Za mu\u0161terije, Novamedex-ova re\u0161enja jedinstvena su, konkurentna i pru\u017eaju odgovor na promene u stilu \u017eivota sa kojima se industija ambala\u017ee suo\u010dava. Ukoliko \u017eelite da saznate vi\u0161e informacija ili \u017eelite da investirate, ne oklevajte da nas kontaktirate.<\/p>\n","protected":false},"excerpt":{"rendered":"<p>Na\u0161i investitori Novamedex je plod velikog rada. Njen multidisciplinarni tim radi ve\u0107 mnogo godina na razvijanju inovativnih re\u0161enja i na [&hellip;]<\/p>\n","protected":false},"author":1,"featured_media":0,"parent":0,"menu_order":0,"comment_status":"closed","ping_status":"closed","template":"","meta":{"footnotes":""},"class_list":["post-312","page","type-page","status-publish","hentry"],"_links":{"self":[{"href":"https:\/\/www.novamedex.rs\/sr\/wp-json\/wp\/v2\/pages\/312","targetHints":{"allow":["GET"]}}],"collection":[{"href":"https:\/\/www.novamedex.rs\/sr\/wp-json\/wp\/v2\/pages"}],"about":[{"href":"https:\/\/www.novamedex.rs\/sr\/wp-json\/wp\/v2\/types\/page"}],"author":[{"embeddable":true,"href":"https:\/\/www.novamedex.rs\/sr\/wp-json\/wp\/v2\/users\/1"}],"replies":[{"embeddable":true,"href":"https:\/\/www.novamedex.rs\/sr\/wp-json\/wp\/v2\/comments?post=312"}],"version-history":[{"count":2,"href":"https:\/\/www.novamedex.rs\/sr\/wp-json\/wp\/v2\/pages\/312\/revisions"}],"predecessor-version":[{"id":314,"href":"https:\/\/www.novamedex.rs\/sr\/wp-json\/wp\/v2\/pages\/312\/revisions\/314"}],"wp:attachment":[{"href":"https:\/\/www.novamedex.rs\/sr\/wp-json\/wp\/v2\/media?parent=312"}],"curies":[{"name":"wp","href":"https:\/\/api.w.org\/{rel}","templated":true}]}}