{"id":309,"date":"2018-05-16T16:31:54","date_gmt":"2018-05-16T16:31:54","guid":{"rendered":"https:\/\/www.novamedex.rs\/?page_id=309"},"modified":"2018-05-16T16:31:54","modified_gmt":"2018-05-16T16:31:54","slug":"resenja","status":"publish","type":"page","link":"https:\/\/www.novamedex.rs\/sr\/resenja\/","title":{"rendered":"RE\u0160ENJA"},"content":{"rendered":"<h2>INOVATIVNO RE\u0160ENJE ZA AMBALA\u017dU<\/h2>\n<p><em>Easy<\/em> je savitljiva vre\u0107ica koja u sebi sadr\u017ei sistem koji zagreva ili hladi sadr\u017eaj potro\u0161a\u010dkog proizvoda bez kori\u0161\u0107enja spolja\u0161nje energije; zapravo, to je sistem koji sam sebe zagreva ili hladi.<\/p>\n<h2>OPIS PROIZVODA<\/h2>\n<p>U su\u0161tini, <em>Easy<\/em> je vre\u0107ica koja se sastoji iz dva dela. Jedan deo vre\u0107ice sadr\u017ei napitak (potro\u0161a\u010dev proizvod), dok drugi deo vre\u0107ice sadr\u017ei reagense u kojima se termi\u010dka reakcija odvija potpuno nezavisno od napitka. Easy je sigurna, sna\u017ena, fleksibilna i jednostavna ambala\u017ea za kori\u0161c\u0301enje.<\/p>\n<h2>ZDRAVLJE I BEZBEDNOST<\/h2>\n<p>Nekoliko razli\u010ditih studija razvilo je optimalno re\u0161enje da spre\u010de reagensi ili \u0161tamparsko mastilo da do\u0111u u dodir sa napitkom. Ovaj sistem obezbe\u0111uje visok nivo sigurnosti; njegov rezultat je savr\u0161eno siguran proizvod.<\/p>\n<p><img loading=\"lazy\" decoding=\"async\" width=\"267\" height=\"202\" class=\"alignnone size-full wp-image-72\" src=\"https:\/\/www.novamedex.rs\/wp-content\/uploads\/2018\/03\/slika-1.jpg\" alt=\"Novamedex | Re\u0161enja\" \/> <img loading=\"lazy\" decoding=\"async\" width=\"267\" height=\"202\" class=\"alignnone size-full wp-image-73\" src=\"https:\/\/www.novamedex.rs\/wp-content\/uploads\/2018\/03\/slika-2.jpg\" alt=\"Novamedex | Re\u0161enja\" \/> <img loading=\"lazy\" decoding=\"async\" width=\"267\" height=\"202\" class=\"alignnone size-full wp-image-71\" src=\"https:\/\/www.novamedex.rs\/wp-content\/uploads\/2018\/03\/slika-3.jpg\" alt=\"Novamedex | Re\u0161enja\"  \/><\/p>\n<h2>KAKO FUNKCIONI\u0160E?<\/h2>\n<p><img decoding=\"async\" src=\"https:\/\/www.novamedex.rs\/files\/steps-2.jpg\" alt=\"Novamedex | Re\u0161enja\" \/><br \/>\n&nbsp;<\/p>\n","protected":false},"excerpt":{"rendered":"<p>INOVATIVNO RE\u0160ENJE ZA AMBALA\u017dU Easy je savitljiva vre\u0107ica koja u sebi sadr\u017ei sistem koji zagreva ili hladi sadr\u017eaj potro\u0161a\u010dkog proizvoda [&hellip;]<\/p>\n","protected":false},"author":1,"featured_media":0,"parent":0,"menu_order":0,"comment_status":"closed","ping_status":"closed","template":"","meta":{"footnotes":""},"class_list":["post-309","page","type-page","status-publish","hentry"],"_links":{"self":[{"href":"https:\/\/www.novamedex.rs\/sr\/wp-json\/wp\/v2\/pages\/309","targetHints":{"allow":["GET"]}}],"collection":[{"href":"https:\/\/www.novamedex.rs\/sr\/wp-json\/wp\/v2\/pages"}],"about":[{"href":"https:\/\/www.novamedex.rs\/sr\/wp-json\/wp\/v2\/types\/page"}],"author":[{"embeddable":true,"href":"https:\/\/www.novamedex.rs\/sr\/wp-json\/wp\/v2\/users\/1"}],"replies":[{"embeddable":true,"href":"https:\/\/www.novamedex.rs\/sr\/wp-json\/wp\/v2\/comments?post=309"}],"version-history":[{"count":2,"href":"https:\/\/www.novamedex.rs\/sr\/wp-json\/wp\/v2\/pages\/309\/revisions"}],"predecessor-version":[{"id":311,"href":"https:\/\/www.novamedex.rs\/sr\/wp-json\/wp\/v2\/pages\/309\/revisions\/311"}],"wp:attachment":[{"href":"https:\/\/www.novamedex.rs\/sr\/wp-json\/wp\/v2\/media?parent=309"}],"curies":[{"name":"wp","href":"https:\/\/api.w.org\/{rel}","templated":true}]}}