{"id":306,"date":"2018-05-16T16:29:26","date_gmt":"2018-05-16T16:29:26","guid":{"rendered":"https:\/\/www.novamedex.rs\/?page_id=306"},"modified":"2018-05-16T16:29:26","modified_gmt":"2018-05-16T16:29:26","slug":"upotrebe-ambalaze-easy","status":"publish","type":"page","link":"https:\/\/www.novamedex.rs\/sr\/proizvodi\/upotrebe-ambalaze-easy\/","title":{"rendered":"UPOTREBE AMBALA\u017dE EASY"},"content":{"rendered":"<h2>HRANA I NAPICI<\/h2>\n<p>Kafa, bela kafa, \u010dokolada, supe, \u010daj, biljni \u010daj, alkoholna pic\u0301a, sosevi, energetski ili izotoni\u010dni napici, dodaci ishrani, bo\u010dice sa de\u010djom hranom.<\/p>\n<h2>KO\u017dMETI\u010cKI TRETMANI, KOZMETIKA<\/h2>\n<p>Kozmeti\u010dki proizvodi za kosu i telo, kreme za sun\u010danje, termi\u010dki proizvodi.<\/p>\n<h2>SPECIJALIZOVANA TR\u017dI\u0160TA HRANE<\/h2>\n<p>Obroci za vojsku koji su odmah spremni za jelo, za mesta pogo\u0111ena prirodnom katastrofom (Pakistan, Katrina, Haiti), za poslove koji se obavljaju na otvorenom (policija, civilna za\u0161tita), za ekspedicije, sportove na otvorenom, ekstremne situacije.<\/p>\n<h2>FARMACEUTSKI SEKTOR<\/h2>\n<p><em>Phleboclysis<\/em>, proizvodi koji su odmah spremni za upotrebu a koji se konzumiraju topli poput lekova protiv gripa (Neocitrana i sli\u010dnih proizvoda), \u0161umec\u0301ih tableta koje se me\u0161aju sa vodom.<\/p>\n<h2>GRA\u0110EVINARSTVO<\/h2>\n<p>Specijalni cementi ili lepkovi za fiksiranje.<\/p>\n<p><img loading=\"lazy\" decoding=\"async\" src=\"https:\/\/www.novamedex.rs\/files\/novamedex-presek-666x1024.png\" alt=\"Novamedex | Upotrebe ambala\u017ee\" width=\"300\" height=\"1024\" class=\"alignnone size-large wp-image-239\" \/><\/p>\n<p>&nbsp;<\/p>\n","protected":false},"excerpt":{"rendered":"<p>HRANA I NAPICI Kafa, bela kafa, \u010dokolada, supe, \u010daj, biljni \u010daj, alkoholna pic\u0301a, sosevi, energetski ili izotoni\u010dni napici, dodaci ishrani, [&hellip;]<\/p>\n","protected":false},"author":1,"featured_media":0,"parent":297,"menu_order":0,"comment_status":"closed","ping_status":"closed","template":"","meta":{"footnotes":""},"class_list":["post-306","page","type-page","status-publish","hentry"],"_links":{"self":[{"href":"https:\/\/www.novamedex.rs\/sr\/wp-json\/wp\/v2\/pages\/306","targetHints":{"allow":["GET"]}}],"collection":[{"href":"https:\/\/www.novamedex.rs\/sr\/wp-json\/wp\/v2\/pages"}],"about":[{"href":"https:\/\/www.novamedex.rs\/sr\/wp-json\/wp\/v2\/types\/page"}],"author":[{"embeddable":true,"href":"https:\/\/www.novamedex.rs\/sr\/wp-json\/wp\/v2\/users\/1"}],"replies":[{"embeddable":true,"href":"https:\/\/www.novamedex.rs\/sr\/wp-json\/wp\/v2\/comments?post=306"}],"version-history":[{"count":2,"href":"https:\/\/www.novamedex.rs\/sr\/wp-json\/wp\/v2\/pages\/306\/revisions"}],"predecessor-version":[{"id":308,"href":"https:\/\/www.novamedex.rs\/sr\/wp-json\/wp\/v2\/pages\/306\/revisions\/308"}],"up":[{"embeddable":true,"href":"https:\/\/www.novamedex.rs\/sr\/wp-json\/wp\/v2\/pages\/297"}],"wp:attachment":[{"href":"https:\/\/www.novamedex.rs\/sr\/wp-json\/wp\/v2\/media?parent=306"}],"curies":[{"name":"wp","href":"https:\/\/api.w.org\/{rel}","templated":true}]}}