{"id":303,"date":"2018-05-16T16:27:10","date_gmt":"2018-05-16T16:27:10","guid":{"rendered":"https:\/\/www.novamedex.rs\/?page_id=303"},"modified":"2018-05-16T16:27:18","modified_gmt":"2018-05-16T16:27:18","slug":"easy-hot","status":"publish","type":"page","link":"https:\/\/www.novamedex.rs\/sr\/proizvodi\/easy-hot\/","title":{"rendered":"Easy Hot<sup>TM<\/sup>"},"content":{"rendered":"<p><img decoding=\"async\" class=\"alignnone size-full wp-image-155\" src=\"https:\/\/www.novamedex.rs\/files\/hot-03.jpg\" alt=\"Novamedex\"\/><\/p>\n<p>Pomo\u0107u Easy Hot-a, korisnik mo\u017ee da zagreje napitke, kozmeti\u010dke kreme i bilo \u0161ta drugo, bez kori\u0161\u0107enja spolja\u0161nje energije. Pakovanje se samo zagreva i, \u010dim se aktivira, zapo\u010dinje proces zagrevanja. Na taj na\u010din, postepeno se povec\u0301ava temperatura proizvoda potro\u0161a\u010da za 25\u00b0C do 30\u00b0C. Nakon dva minuta, pi\u0107e je vruc\u0301e i spremno za konzumiranje. Kona\u010dna temperatura pi\u0107a bic\u0301e izme\u0111u 45\u00b0C i 50\u00b0C. U zavisnosti od lokacije i uslova okru\u017eenja, temperatura mo\u017ee da se podesi prema zahtevima va\u0161eg tr\u017ei\u0161ta. Na primer: ako se va\u0161e tr\u017ei\u0161te nalazi u afri\u010dkoj klimi, temperatura mo\u017ee da se prilagodi va\u0161em standardu, ili \u010dak i ako ste u Sibiru, temperatura ambala\u017ee mo\u017ee da se prilagodi va\u0161em tr\u017ei\u0161tu.<\/p>\n<h2>UNUTAR IDEJE O EASY HOT-U<\/h2>\n<p>Egzotermi\u010dke reakcije obezbe\u0111ene su kombinacijom kalcijum oksida i vode koja stvara toplotu potrebnu za povec\u0301anje temperature proizvoda. Reakcija se odvija u \u010dvrsto zatvorenoj sredini, koja pru\u017ea za\u0161titu od udara i slu\u010dajnog pucanja. Vrec\u0301ice su napravljene od slojevitih materijala kao \u0161to su razne vrste plastike otporne na trenje i kompresiju.<\/p>\n<h2>PRIMER<\/h2>\n<p>proizvod od 200ml = zapremina proizvoda od 150ml i 50ml ambala\u017ee<br \/>\nNakon 90 sekundi, proizvod povec\u0301ava svoju temperaturu za 25\u00b0C do 30\u00b0C. Ovaj porast mo\u017ee da varira u skladu sa \u017eeljenim efektom.<\/p>\n<div class=\"jas-row jas-page\">\n<div class=\"jas-col-md-6 jas-col-sm-6 jas-col-xs-12 center nopadding\">\n<img decoding=\"async\" class=\"alignnone size-medium wp-image-90 mt__50\" src=\"https:\/\/www.novamedex.rs\/files\/hot-06.jpg\" alt=\"Novamedex | Easy-Hot\" \/>\n<\/div>\n<div class=\"jas-col-md-6 jas-col-sm-6 jas-col-xs-12 center nopadding\">\n<img decoding=\"async\" class=\"alignnone size-medium wp-image-90 mt__50\" src=\"https:\/\/www.novamedex.rs\/files\/hot-05.jpg\" alt=\"Novamedex | Easy-Cold\" \/>\n<\/div>\n<\/div>\n","protected":false},"excerpt":{"rendered":"<p>Pomo\u0107u Easy Hot-a, korisnik mo\u017ee da zagreje napitke, kozmeti\u010dke kreme i bilo \u0161ta drugo, bez kori\u0161\u0107enja spolja\u0161nje energije. Pakovanje se [&hellip;]<\/p>\n","protected":false},"author":1,"featured_media":0,"parent":297,"menu_order":0,"comment_status":"closed","ping_status":"closed","template":"","meta":{"footnotes":""},"class_list":["post-303","page","type-page","status-publish","hentry"],"_links":{"self":[{"href":"https:\/\/www.novamedex.rs\/sr\/wp-json\/wp\/v2\/pages\/303","targetHints":{"allow":["GET"]}}],"collection":[{"href":"https:\/\/www.novamedex.rs\/sr\/wp-json\/wp\/v2\/pages"}],"about":[{"href":"https:\/\/www.novamedex.rs\/sr\/wp-json\/wp\/v2\/types\/page"}],"author":[{"embeddable":true,"href":"https:\/\/www.novamedex.rs\/sr\/wp-json\/wp\/v2\/users\/1"}],"replies":[{"embeddable":true,"href":"https:\/\/www.novamedex.rs\/sr\/wp-json\/wp\/v2\/comments?post=303"}],"version-history":[{"count":2,"href":"https:\/\/www.novamedex.rs\/sr\/wp-json\/wp\/v2\/pages\/303\/revisions"}],"predecessor-version":[{"id":305,"href":"https:\/\/www.novamedex.rs\/sr\/wp-json\/wp\/v2\/pages\/303\/revisions\/305"}],"up":[{"embeddable":true,"href":"https:\/\/www.novamedex.rs\/sr\/wp-json\/wp\/v2\/pages\/297"}],"wp:attachment":[{"href":"https:\/\/www.novamedex.rs\/sr\/wp-json\/wp\/v2\/media?parent=303"}],"curies":[{"name":"wp","href":"https:\/\/api.w.org\/{rel}","templated":true}]}}