{"id":300,"date":"2018-05-16T16:25:21","date_gmt":"2018-05-16T16:25:21","guid":{"rendered":"https:\/\/www.novamedex.rs\/?page_id=300"},"modified":"2018-05-16T16:25:27","modified_gmt":"2018-05-16T16:25:27","slug":"easy-cold","status":"publish","type":"page","link":"https:\/\/www.novamedex.rs\/sr\/proizvodi\/easy-cold\/","title":{"rendered":"Easy Cold<sup>TM<\/sup>"},"content":{"rendered":"<h2>PROIZVOD U PRIPREMI<\/h2>\n<p><img loading=\"lazy\" decoding=\"async\" class=\"alignnone size-full wp-image-159\" src=\"https:\/\/www.novamedex.rs\/files\/cold-02.jpg\" alt=\"Novamedex | Easy Cold\" width=\"1170\" height=\"400\" \/><\/p>\n<p>Pomo\u0107u EASY COLD-a, potro\u0161a\u010d mo\u017ee da hladi napitke, kozmeti\u010dke kreme i bilo \u0161ta drugo, bez kori\u0161\u0107enja spolja\u0161nje energije. Pakovanje se samo hladi i, \u010dim se aktivira, zapo\u010dinje proces hla\u0111enja. Ovo postepeno smanjuje temperaturu potro\u0161a\u010devog proizvoda. Nakon 180 sekundi, pic\u0301e je hladno i spremno za konzumiranje.<\/p>\n<h2>UNUTAR IDEJE O EASY COLD-U<\/h2>\n<p>Endotermi\u010dka reakcija zasnovana je na rastvorima soli. Reakcija se odvija u \u010dvrsto zatvorenoj sredini, koja pru\u017ea za\u0161titu od udara i slu\u010dajnog pucanja. Vrec\u0301ice su napravljene od slojevitih materijala kao \u0161to su razne vrste plastike otporne na trenje i kompresiju.<\/p>\n<h2>PRIMER<\/h2>\n<p>proizvod od 150ml = zapremina proizvoda od 100ml i 50ml ambala\u017ee<br \/>\nNakon 180 sekundi, proizvod smanjuje svoju temperaturu za 20\u00b0C. Ovo smanjenje mo\u017ee da varira u skladu sa \u017eeljenim efektom.<\/p>\n","protected":false},"excerpt":{"rendered":"<p>PROIZVOD U PRIPREMI Pomo\u0107u EASY COLD-a, potro\u0161a\u010d mo\u017ee da hladi napitke, kozmeti\u010dke kreme i bilo \u0161ta drugo, bez kori\u0161\u0107enja spolja\u0161nje [&hellip;]<\/p>\n","protected":false},"author":1,"featured_media":0,"parent":297,"menu_order":0,"comment_status":"closed","ping_status":"closed","template":"","meta":{"footnotes":""},"class_list":["post-300","page","type-page","status-publish","hentry"],"_links":{"self":[{"href":"https:\/\/www.novamedex.rs\/sr\/wp-json\/wp\/v2\/pages\/300","targetHints":{"allow":["GET"]}}],"collection":[{"href":"https:\/\/www.novamedex.rs\/sr\/wp-json\/wp\/v2\/pages"}],"about":[{"href":"https:\/\/www.novamedex.rs\/sr\/wp-json\/wp\/v2\/types\/page"}],"author":[{"embeddable":true,"href":"https:\/\/www.novamedex.rs\/sr\/wp-json\/wp\/v2\/users\/1"}],"replies":[{"embeddable":true,"href":"https:\/\/www.novamedex.rs\/sr\/wp-json\/wp\/v2\/comments?post=300"}],"version-history":[{"count":2,"href":"https:\/\/www.novamedex.rs\/sr\/wp-json\/wp\/v2\/pages\/300\/revisions"}],"predecessor-version":[{"id":302,"href":"https:\/\/www.novamedex.rs\/sr\/wp-json\/wp\/v2\/pages\/300\/revisions\/302"}],"up":[{"embeddable":true,"href":"https:\/\/www.novamedex.rs\/sr\/wp-json\/wp\/v2\/pages\/297"}],"wp:attachment":[{"href":"https:\/\/www.novamedex.rs\/sr\/wp-json\/wp\/v2\/media?parent=300"}],"curies":[{"name":"wp","href":"https:\/\/api.w.org\/{rel}","templated":true}]}}