{"id":294,"date":"2018-05-16T16:21:18","date_gmt":"2018-05-16T16:21:18","guid":{"rendered":"https:\/\/www.novamedex.rs\/?page_id=294"},"modified":"2024-11-18T21:14:43","modified_gmt":"2024-11-18T21:14:43","slug":"istrazivacka-dostignuca","status":"publish","type":"page","link":"https:\/\/www.novamedex.rs\/sr\/nasa-kompanija\/istrazivacka-dostignuca\/","title":{"rendered":"ISTRA\u017dIVA\u010cKA DOSTIGNU\u0106A"},"content":{"rendered":"<p><strong>Novamedex<\/strong> Novamedex sprovodi istra\u017eivanja i prou\u010dava re\u0161enja za industriju pakovanja i te\u017ei da transformi\u0161e na\u010din na koji ljudi koriste ambala\u017ee. Ukoliko vi imate neku specifi\u010dnu potrebu u vezi sa va\u0161im proizvodom, ne oklevajte da stupite u kontakt sa na\u0161im timom istra\u017eiva\u010da slanjem mejla na <a href=\"mailto:info@novamedex.rs\" rel=\"noopener\" target=\"_blank\">info@novamedex.rs<\/a> kako biste pokrenuli procenu va\u0161eg zahteva i razvili inovativno re\u0161enje za va\u0161 proizvod.<\/p>\n<h2><strong>Na\u0161 i va\u0161 zajedni\u010dki poduhvat<\/strong><\/h2>\n<p>Nudimo vam<br \/>\nTehni\u010dku podr\u0161ku i kontrolu VFFS* ma\u0161ine<br \/>\nLokalne marketin\u0161ke eksperte<br \/>\nLokalizaciju distribucije i proizvodnje<\/p>\n<p>*Vertical Forming, Filling &#038; Sealing (VFFS) machine \u2013 Ma\u0161ina za vertikalno oblikovanje, punjenje i zatvaranje<\/p>\n<div class=\"jas-row jas-page\">\n<div class=\"jas-col-md-6 jas-col-sm-6 jas-col-xs-12 center\">\n<video class=\"mla-video\" controls><source src=\"https:\/\/www.novamedex.rs\/files\/01.mp4\" type=\"video\/mp4\"><\/video>\n<\/div>\n<div class=\"jas-col-md-6 jas-col-sm-6 jas-col-xs-12 center\">\n<video class=\"mla-video\" controls><source src=\"https:\/\/www.novamedex.rs\/files\/02.mp4\" type=\"video\/mp4\"><\/video>\n<\/div>\n<div class=\"jas-col-md-6 jas-col-sm-6 jas-col-xs-12 center nopadding\">\n<img decoding=\"async\" src=\"https:\/\/www.novamedex.rs\/files\/novamedex-05.jpg\" alt=\"Novamedex doo\" class=\"img-fw\" \/>\n<\/div>\n<div class=\"jas-col-md-6 jas-col-sm-6 jas-col-xs-12 center nopadding\">\n<img decoding=\"async\" src=\"https:\/\/www.novamedex.rs\/files\/novamedex-20.jpg\" alt=\"Novamedex doo\" class=\"img-fw\" \/>\n<\/div>\n<\/div>\n<p>&nbsp;<br \/>\n&nbsp;<br \/>\n<img decoding=\"async\" src=\"https:\/\/www.novamedex.rs\/files\/nova-linija.jpg\" alt=\"Novamedex doo\" class=\"img-fw\" \/><\/p>\n","protected":false},"excerpt":{"rendered":"<p>Novamedex Novamedex sprovodi istra\u017eivanja i prou\u010dava re\u0161enja za industriju pakovanja i te\u017ei da transformi\u0161e na\u010din na koji ljudi koriste ambala\u017ee. [&hellip;]<\/p>\n","protected":false},"author":1,"featured_media":0,"parent":285,"menu_order":0,"comment_status":"closed","ping_status":"closed","template":"","meta":{"footnotes":""},"class_list":["post-294","page","type-page","status-publish","hentry"],"_links":{"self":[{"href":"https:\/\/www.novamedex.rs\/sr\/wp-json\/wp\/v2\/pages\/294","targetHints":{"allow":["GET"]}}],"collection":[{"href":"https:\/\/www.novamedex.rs\/sr\/wp-json\/wp\/v2\/pages"}],"about":[{"href":"https:\/\/www.novamedex.rs\/sr\/wp-json\/wp\/v2\/types\/page"}],"author":[{"embeddable":true,"href":"https:\/\/www.novamedex.rs\/sr\/wp-json\/wp\/v2\/users\/1"}],"replies":[{"embeddable":true,"href":"https:\/\/www.novamedex.rs\/sr\/wp-json\/wp\/v2\/comments?post=294"}],"version-history":[{"count":8,"href":"https:\/\/www.novamedex.rs\/sr\/wp-json\/wp\/v2\/pages\/294\/revisions"}],"predecessor-version":[{"id":422,"href":"https:\/\/www.novamedex.rs\/sr\/wp-json\/wp\/v2\/pages\/294\/revisions\/422"}],"up":[{"embeddable":true,"href":"https:\/\/www.novamedex.rs\/sr\/wp-json\/wp\/v2\/pages\/285"}],"wp:attachment":[{"href":"https:\/\/www.novamedex.rs\/sr\/wp-json\/wp\/v2\/media?parent=294"}],"curies":[{"name":"wp","href":"https:\/\/api.w.org\/{rel}","templated":true}]}}