{"id":291,"date":"2018-05-16T16:19:21","date_gmt":"2018-05-16T16:19:21","guid":{"rendered":"https:\/\/www.novamedex.rs\/?page_id=291"},"modified":"2018-05-16T16:19:21","modified_gmt":"2018-05-16T16:19:21","slug":"sta-mi-zelimo","status":"publish","type":"page","link":"https:\/\/www.novamedex.rs\/sr\/nasa-kompanija\/sta-mi-zelimo\/","title":{"rendered":"\u0160TA MI \u017dELIMO"},"content":{"rendered":"<p>Od samog po\u010detka, na\u0161a kompanija sprovodi menad\u017ement kvaliteta. Tokom \u010ditave proizvodnje, obavlja se ekstremno ta\u010dna kontrola kvaliteta. Prate se preporuke iz Analize rizika i kriti\u010dne kontrolne ta\u010dke (HACCP), Me\u0111unarodnih standarda za hranu (IFS) i Britanskog konzorcijuma malih preduze\u0107a (BRC). Ove smernice omogu\u0107avaju nam da odr\u017eavamo uskla\u0111enost sa ISO* 22000.<br \/>\n* International Organization for Standardization (ISO) \u2013 Me\u0111unarodna organizacija za standardizaciju<\/p>\n<h2>OKRU\u017dENJE<\/h2>\n<p>Novamedex te\u017ei da razvije inovativne i alternativne na\u010dine pakovanja, uvek kompatibilne sa okru\u017eenjem.<\/p>\n<h2>SIGURNOST NA PRVOM MESTU<\/h2>\n<p>Po\u0161to Novamedex te\u017ei da do\u0111e do originalnih re\u0161enja, mi moramo da izgradimo standarde kvaliteta koji su u skladu sa o\u010dekivanjima na\u0161ih proizvoda.<\/p>\n<h2>OTVORENOST<\/h2>\n<p>Novamedex konstantno istra\u017euje kako bi prona\u0161la najjasniji i najjednostavniji mogu\u0107i na\u010din komunikacije, pokazuju\u0107i potro\u0161a\u010du na\u010din na koji treba da koristi proizvod. <\/p>\n<div class=\"jas-row jas-page\">\n<div class=\"jas-col-md-6 jas-col-sm-6 jas-col-xs-12 center nopadding\">\n<img decoding=\"async\" class=\"alignnone size-medium wp-image-90 mt__50\" src=\"https:\/\/www.novamedex.rs\/files\/2018\/03\/Global-market-percentage.jpg\" alt=\"Novamedex | Easy-Hot\" \/><\/p>\n<\/div>\n<div class=\"jas-col-md-6 jas-col-sm-6 jas-col-xs-12 center nopadding\">\n<img decoding=\"async\" class=\"alignnone size-medium wp-image-90 mt__50\" src=\"https:\/\/www.novamedex.rs\/files\/2018\/03\/Packaging-types.jpg\" alt=\"Novamedex | Easy-Cold\" \/>\n<\/div>\n<\/div>\n","protected":false},"excerpt":{"rendered":"<p>Od samog po\u010detka, na\u0161a kompanija sprovodi menad\u017ement kvaliteta. Tokom \u010ditave proizvodnje, obavlja se ekstremno ta\u010dna kontrola kvaliteta. Prate se preporuke [&hellip;]<\/p>\n","protected":false},"author":1,"featured_media":0,"parent":285,"menu_order":0,"comment_status":"closed","ping_status":"closed","template":"","meta":{"footnotes":""},"class_list":["post-291","page","type-page","status-publish","hentry"],"_links":{"self":[{"href":"https:\/\/www.novamedex.rs\/sr\/wp-json\/wp\/v2\/pages\/291","targetHints":{"allow":["GET"]}}],"collection":[{"href":"https:\/\/www.novamedex.rs\/sr\/wp-json\/wp\/v2\/pages"}],"about":[{"href":"https:\/\/www.novamedex.rs\/sr\/wp-json\/wp\/v2\/types\/page"}],"author":[{"embeddable":true,"href":"https:\/\/www.novamedex.rs\/sr\/wp-json\/wp\/v2\/users\/1"}],"replies":[{"embeddable":true,"href":"https:\/\/www.novamedex.rs\/sr\/wp-json\/wp\/v2\/comments?post=291"}],"version-history":[{"count":2,"href":"https:\/\/www.novamedex.rs\/sr\/wp-json\/wp\/v2\/pages\/291\/revisions"}],"predecessor-version":[{"id":293,"href":"https:\/\/www.novamedex.rs\/sr\/wp-json\/wp\/v2\/pages\/291\/revisions\/293"}],"up":[{"embeddable":true,"href":"https:\/\/www.novamedex.rs\/sr\/wp-json\/wp\/v2\/pages\/285"}],"wp:attachment":[{"href":"https:\/\/www.novamedex.rs\/sr\/wp-json\/wp\/v2\/media?parent=291"}],"curies":[{"name":"wp","href":"https:\/\/api.w.org\/{rel}","templated":true}]}}