{"id":288,"date":"2018-05-16T16:17:30","date_gmt":"2018-05-16T16:17:30","guid":{"rendered":"https:\/\/www.novamedex.rs\/?page_id=288"},"modified":"2018-05-16T16:17:30","modified_gmt":"2018-05-16T16:17:30","slug":"ukratko-o-nama","status":"publish","type":"page","link":"https:\/\/www.novamedex.rs\/sr\/nasa-kompanija\/ukratko-o-nama\/","title":{"rendered":"UKRATKO O NAMA"},"content":{"rendered":"<h2>Na\u0161 cilj je da<\/h2>\n<p>Prona\u0111emo re\u0161enja za robu koja se pakuje unapred<br \/>\nPredvidimo novine u stilu \u017eivota na\u0161ih savremenika<br \/>\nOdgovorimo na zahteve tr\u017ei\u0161ta koja su okrenuta ka pove\u0107avanju ugo\u0111aja klijenta<br \/>\nIspratimo vrednosti brenda vrednostima kompanije<\/p>\n<h2>Specijalizovana tr\u017ei\u0161ta hrane<\/h2>\n<p>&#8211; Opreme za ekspedicije<br \/>\n&#8211; Sportske aktivnosti na otvorenom<br \/>\n&#8211; Ekstremne situacije<\/p>\n<h2>Stru\u010dnost<\/h2>\n<p>Intenzivno istra\u017eivanje u oblasti slojevitih materijala, da bi se prona\u0161le najbolje kombinacije supstanci, koje bi ne samo ispunile o\u010dekivan kvalitet ve\u0107 i funkcionisale u sredinama i najvi\u0161ih i najni\u017eih temperatura, omogu\u0107ilo nam je da pomognemo klijentima kroz partnersko upravljanje razvoja proizvoda i na svim nivoima proizvodnje i kako bismo njihov proizvod u\u010dinili jedinstvenim i prepoznatljivim.<\/p>\n<h2>Dizajniramo za vas<\/h2>\n<p>Za\u010de\u0107a novih proizvoda \u010desto zahtevaju jedinstvenu vrstu pakovanja koja je u skladu sa vrednostima brenda. <\/p>\n<p>Novamedex, zahvaljuju\u0107i svojoj stru\u010dnosti, mo\u017ee da vam pomogne u fazi razvoja proizvoda.<\/p>\n","protected":false},"excerpt":{"rendered":"<p>Na\u0161 cilj je da Prona\u0111emo re\u0161enja za robu koja se pakuje unapred Predvidimo novine u stilu \u017eivota na\u0161ih savremenika Odgovorimo [&hellip;]<\/p>\n","protected":false},"author":1,"featured_media":0,"parent":285,"menu_order":0,"comment_status":"closed","ping_status":"closed","template":"","meta":{"footnotes":""},"class_list":["post-288","page","type-page","status-publish","hentry"],"_links":{"self":[{"href":"https:\/\/www.novamedex.rs\/sr\/wp-json\/wp\/v2\/pages\/288","targetHints":{"allow":["GET"]}}],"collection":[{"href":"https:\/\/www.novamedex.rs\/sr\/wp-json\/wp\/v2\/pages"}],"about":[{"href":"https:\/\/www.novamedex.rs\/sr\/wp-json\/wp\/v2\/types\/page"}],"author":[{"embeddable":true,"href":"https:\/\/www.novamedex.rs\/sr\/wp-json\/wp\/v2\/users\/1"}],"replies":[{"embeddable":true,"href":"https:\/\/www.novamedex.rs\/sr\/wp-json\/wp\/v2\/comments?post=288"}],"version-history":[{"count":2,"href":"https:\/\/www.novamedex.rs\/sr\/wp-json\/wp\/v2\/pages\/288\/revisions"}],"predecessor-version":[{"id":290,"href":"https:\/\/www.novamedex.rs\/sr\/wp-json\/wp\/v2\/pages\/288\/revisions\/290"}],"up":[{"embeddable":true,"href":"https:\/\/www.novamedex.rs\/sr\/wp-json\/wp\/v2\/pages\/285"}],"wp:attachment":[{"href":"https:\/\/www.novamedex.rs\/sr\/wp-json\/wp\/v2\/media?parent=288"}],"curies":[{"name":"wp","href":"https:\/\/api.w.org\/{rel}","templated":true}]}}