{"id":285,"date":"2018-05-16T16:11:14","date_gmt":"2018-05-16T16:11:14","guid":{"rendered":"https:\/\/www.novamedex.rs\/?page_id=285"},"modified":"2024-11-18T21:04:59","modified_gmt":"2024-11-18T21:04:59","slug":"nasa-kompanija","status":"publish","type":"page","link":"https:\/\/www.novamedex.rs\/sr\/nasa-kompanija\/","title":{"rendered":"NA\u0160A KOMPANIJA"},"content":{"rendered":"<p><strong>Novamedex<\/strong> te\u017ei da razvije inovativne i alternativne na\u010dine pakovanja, koje \u0107e uvek doprinositi dodatnoj vrednosti proizvoda koja prati zahteve stila \u017eivota dana\u0161njice. Mi verujemo da mo\u017eemo da razvijemo nove i napredne ideje i na\u010dine pakovanja. Korisnost i funkcionalnost ovde dobijaju nova zna\u010denja.<\/p>\n<h2>NA\u0160A MISIJA<\/h2>\n<p>Novamedex razvija inovativna re\u0161enja, stara se o boljem iskustvu kupaca i otvara nova vrata za dostavu proizvoda!<\/p>\n<h2>SA\u017dETAK<\/h2>\n<p>Broj ambala\u017ea na globalnom nivou raste kroz pove\u0107anu upotrebu unapred zapakovane hrane. Na\u0161 tim eksperata radi ve\u0107 dugi niz godinama na tome da plasira zaista jedinstvene proizvode na tr\u017ei\u0161te koje je stalno u porastu. Spektar upotreba na koje se ciljalo \u0161irok je i obuhvata sve od tr\u017ei\u0161ta hrane do manjih, specijalizovanijih tr\u017ei\u0161ta.<\/p>\n<h2>Intelektualna svojina<\/h2>\n<h2>EASY HOT i EASY COLD \u0161vajcarski su proizvod (patent), a NOVAMEDEX ima ekskluzivno pravo da ga proizvodi i prodaje na teritoriji SRBIJE I ISTO\u010cNE EVROPE.<\/h2>\n","protected":false},"excerpt":{"rendered":"<p>Novamedex te\u017ei da razvije inovativne i alternativne na\u010dine pakovanja, koje \u0107e uvek doprinositi dodatnoj vrednosti proizvoda koja prati zahteve stila [&hellip;]<\/p>\n","protected":false},"author":1,"featured_media":0,"parent":0,"menu_order":0,"comment_status":"closed","ping_status":"closed","template":"","meta":{"footnotes":""},"class_list":["post-285","page","type-page","status-publish","hentry"],"_links":{"self":[{"href":"https:\/\/www.novamedex.rs\/sr\/wp-json\/wp\/v2\/pages\/285","targetHints":{"allow":["GET"]}}],"collection":[{"href":"https:\/\/www.novamedex.rs\/sr\/wp-json\/wp\/v2\/pages"}],"about":[{"href":"https:\/\/www.novamedex.rs\/sr\/wp-json\/wp\/v2\/types\/page"}],"author":[{"embeddable":true,"href":"https:\/\/www.novamedex.rs\/sr\/wp-json\/wp\/v2\/users\/1"}],"replies":[{"embeddable":true,"href":"https:\/\/www.novamedex.rs\/sr\/wp-json\/wp\/v2\/comments?post=285"}],"version-history":[{"count":3,"href":"https:\/\/www.novamedex.rs\/sr\/wp-json\/wp\/v2\/pages\/285\/revisions"}],"predecessor-version":[{"id":415,"href":"https:\/\/www.novamedex.rs\/sr\/wp-json\/wp\/v2\/pages\/285\/revisions\/415"}],"wp:attachment":[{"href":"https:\/\/www.novamedex.rs\/sr\/wp-json\/wp\/v2\/media?parent=285"}],"curies":[{"name":"wp","href":"https:\/\/api.w.org\/{rel}","templated":true}]}}