{"id":282,"date":"2018-05-16T16:08:12","date_gmt":"2018-05-16T16:08:12","guid":{"rendered":"https:\/\/www.novamedex.rs\/?page_id=282"},"modified":"2018-05-16T16:37:06","modified_gmt":"2018-05-16T16:37:06","slug":"naslovna","status":"publish","type":"page","link":"https:\/\/www.novamedex.rs\/sr\/","title":{"rendered":"NASLOVNA"},"content":{"rendered":"\n\t\t\t<!-- START Naslovna REVOLUTION SLIDER 6.7.6 --><p class=\"rs-p-wp-fix\"><\/p>\n\t\t\t<rs-module-wrap id=\"rev_slider_2_1_wrapper\" data-source=\"gallery\" style=\"visibility:hidden;background:transparent;padding:0;margin:0px auto;margin-top:0;margin-bottom:0;\">\n\t\t\t\t<rs-module id=\"rev_slider_2_1\" style=\"\" data-version=\"6.7.6\">\n\t\t\t\t\t<rs-slides style=\"overflow: hidden; position: absolute;\">\n\t\t\t\t\t\t<rs-slide style=\"position: absolute;\" data-key=\"rs-4\" data-title=\"Easy Hot&lt;sup&gt;TM&lt;\/sup&gt;\" data-thumb=\"\/\/www.novamedex.rs\/files\/background.png\" data-anim=\"adpr:false;\">\n\t\t\t\t\t\t\t<img decoding=\"async\" src=\"\/\/www.novamedex.rs\/wp-content\/plugins\/revslider\/sr6\/assets\/assets\/dummy.png\" alt=\"Easy Hot&lt;sup&gt;TM&lt;\/sup&gt;\" title=\"NASLOVNA\" class=\"rev-slidebg tp-rs-img rs-lazyload\" data-lazyload=\"\/\/www.novamedex.rs\/wp-content\/plugins\/revslider\/sr6\/assets\/assets\/transparent.png\" data-bg=\"c:#f25c2f;\" data-parallax=\"off\" data-no-retina>\n<!--\n\t\t\t\t\t\t\t--><rs-layer\n\t\t\t\t\t\t\t\tid=\"slider-2-slide-4-layer-14\" \n\t\t\t\t\t\t\t\tclass=\"rs-nolc rs-layer-video intrinsic-ignore\"\n\t\t\t\t\t\t\t\tdata-type=\"video\"\n\t\t\t\t\t\t\t\tdata-rsp_ch=\"on\"\n\t\t\t\t\t\t\t\tdata-xy=\"y:20px;\"\n\t\t\t\t\t\t\t\tdata-text=\"l:22;\"\n\t\t\t\t\t\t\t\tdata-dim=\"w:1920px;h:300;\"\n\t\t\t\t\t\t\t\tdata-blendmode=\"screen\"\n\t\t\t\t\t\t\t\tdata-video=\"vfc:true;vd:100;rwd:f;l:true;ptimer:false;nse:f;sav:f;inl:f;\"\n\t\t\t\t\t\t\t\tdata-mp4=\"\/\/www.novamedex.rs\/files\/animacija-vatra-02-1.mp4\"\n\t\t\t\t\t\t\t\tdata-frame_0=\"tp:600;\"\n\t\t\t\t\t\t\t\tdata-frame_1=\"tp:600;e:power2.inOut;sp:520;sR:10;\"\n\t\t\t\t\t\t\t\tdata-frame_999=\"o:0;tp:600;e:nothing;st:w;sR:4470;\"\n\t\t\t\t\t\t\t\tstyle=\"z-index:5;\"\n\t\t\t\t\t\t\t>\n\t\t\t\t\t\t\t<\/rs-layer><!--\n\n\t\t\t\t\t\t\t--><rs-layer\n\t\t\t\t\t\t\t\tid=\"slider-2-slide-4-layer-16\" \n\t\t\t\t\t\t\t\tclass=\"rs-pxl-2\"\n\t\t\t\t\t\t\t\tdata-type=\"image\"\n\t\t\t\t\t\t\t\tdata-rsp_ch=\"on\"\n\t\t\t\t\t\t\t\tdata-xy=\"x:-50px;y:-57px;\"\n\t\t\t\t\t\t\t\tdata-text=\"l:22;a:inherit;\"\n\t\t\t\t\t\t\t\tdata-dim=\"w:2200px;h:1400px;\"\n\t\t\t\t\t\t\t\tdata-blendmode=\"overlay\"\n\t\t\t\t\t\t\t\tdata-frame_0=\"tp:600;\"\n\t\t\t\t\t\t\t\tdata-frame_1=\"tp:600;sp:510;sR:10;\"\n\t\t\t\t\t\t\t\tdata-frame_999=\"o:0;tp:600;st:w;sR:4480;\"\n\t\t\t\t\t\t\t\tstyle=\"z-index:6;\"\n\t\t\t\t\t\t\t><img decoding=\"async\" src=\"\/\/www.novamedex.rs\/wp-content\/plugins\/revslider\/sr6\/assets\/assets\/dummy.png\" alt=\"\" class=\"tp-rs-img rs-lazyload\" width=\"2200\" height=\"1400\" data-lazyload=\"\/\/www.novamedex.rs\/files\/background-slide.jpg\" data-no-retina> \n\t\t\t\t\t\t\t<\/rs-layer><!--\n\n\t\t\t\t\t\t\t--><rs-layer\n\t\t\t\t\t\t\t\tid=\"slider-2-slide-4-layer-1\" \n\t\t\t\t\t\t\t\tclass=\"Furniture-LogoText\"\n\t\t\t\t\t\t\t\tdata-type=\"text\"\n\t\t\t\t\t\t\t\tdata-color=\"rgba(255,255,255,1)\"\n\t\t\t\t\t\t\t\tdata-rsp_ch=\"on\"\n\t\t\t\t\t\t\t\tdata-xy=\"x:367px;y:273px;\"\n\t\t\t\t\t\t\t\tdata-text=\"s:100;l:150;fw:900;\"\n\t\t\t\t\t\t\t\tdata-frame_0=\"y:-50px;tp:600;\"\n\t\t\t\t\t\t\t\tdata-frame_1=\"tp:600;e:power2.inOut;st:500;sp:910;sR:500;\"\n\t\t\t\t\t\t\t\tdata-frame_999=\"o:0;tp:600;e:nothing;st:w;sR:3590;\"\n\t\t\t\t\t\t\t\tstyle=\"z-index:7;font-family:'Raleway';text-shadow:none;\"\n\t\t\t\t\t\t\t>EASY HOT \n\t\t\t\t\t\t\t<\/rs-layer><!--\n\n\t\t\t\t\t\t\t--><rs-layer\n\t\t\t\t\t\t\t\tid=\"slider-2-slide-4-layer-2\" \n\t\t\t\t\t\t\t\tdata-type=\"text\"\n\t\t\t\t\t\t\t\tdata-color=\"rgba(247,113,57,1)\"\n\t\t\t\t\t\t\t\tdata-rsp_ch=\"on\"\n\t\t\t\t\t\t\t\tdata-xy=\"x:368px;y:399px;\"\n\t\t\t\t\t\t\t\tdata-text=\"w:normal;l:28;fw:300;\"\n\t\t\t\t\t\t\t\tdata-dim=\"w:480px;\"\n\t\t\t\t\t\t\t\tdata-padding=\"t:20;r:30;b:20;l:30;\"\n\t\t\t\t\t\t\t\tdata-frame_0=\"tp:600;\"\n\t\t\t\t\t\t\t\tdata-frame_1=\"tp:600;e:power2.inOut;st:770;sp:880;sR:770;\"\n\t\t\t\t\t\t\t\tdata-frame_999=\"o:0;tp:600;e:nothing;st:w;sR:3350;\"\n\t\t\t\t\t\t\t\tstyle=\"z-index:8;background-color:rgba(255,255,255,1);font-family:'';\"\n\t\t\t\t\t\t\t>Novamedex te\u017ei da razvije inovativne i alternativne na\u010dine pakovanja, koji \u0107e uvek doprinositi dodatnoj vrednosti proizvoda koja prati zahteve stila \u017eivota dana\u0161njice. \n\t\t\t\t\t\t\t<\/rs-layer><!--\n\n\t\t\t\t\t\t\t--><rs-layer\n\t\t\t\t\t\t\t\tid=\"slider-2-slide-4-layer-4\" \n\t\t\t\t\t\t\t\tclass=\"rev-btn rev-withicon\"\n\t\t\t\t\t\t\t\tdata-type=\"button\"\n\t\t\t\t\t\t\t\tdata-color=\"rgba(242,92,47,1)\"\n\t\t\t\t\t\t\t\tdata-rsp_ch=\"on\"\n\t\t\t\t\t\t\t\tdata-xy=\"x:374px;y:599px;\"\n\t\t\t\t\t\t\t\tdata-text=\"s:17;l:17;fw:500;\"\n\t\t\t\t\t\t\t\tdata-actions='o:click;a:simplelink;target:_self;url:https:\/\/www.novamedex.rs\/products\/easy-hot\/;'\n\t\t\t\t\t\t\t\tdata-padding=\"t:12;r:35;b:12;l:35;\"\n\t\t\t\t\t\t\t\tdata-border=\"bor:30px,30px,30px,30px;\"\n\t\t\t\t\t\t\t\tdata-frame_0=\"y:50px;tp:600;\"\n\t\t\t\t\t\t\t\tdata-frame_1=\"tp:600;e:power2.inOut;st:1310;sp:910;sR:1310;\"\n\t\t\t\t\t\t\t\tdata-frame_999=\"o:0;tp:600;e:nothing;st:w;sR:2780;\"\n\t\t\t\t\t\t\t\tdata-frame_hover=\"c:#000;bgc:#fff;boc:#000;bor:30px,30px,30px,30px;bos:solid;oX:50;oY:50;sp:.5;e:none;\"\n\t\t\t\t\t\t\t\tstyle=\"z-index:9;background-color:rgba(255,255,255,1);font-family:'Roboto';cursor:pointer;outline:none;box-shadow:none;box-sizing:border-box;-moz-box-sizing:border-box;-webkit-box-sizing:border-box;\"\n\t\t\t\t\t\t\t>PRO\u010cITAJ VI\u0160E<i class=\"fa-chevron-right\"><\/i> \n\t\t\t\t\t\t\t<\/rs-layer><!--\n\n\t\t\t\t\t\t\t--><rs-layer\n\t\t\t\t\t\t\t\tid=\"slider-2-slide-4-layer-5\" \n\t\t\t\t\t\t\t\tclass=\"rs-pxl-1\"\n\t\t\t\t\t\t\t\tdata-type=\"image\"\n\t\t\t\t\t\t\t\tdata-rsp_ch=\"on\"\n\t\t\t\t\t\t\t\tdata-xy=\"x:708px;y:73px;\"\n\t\t\t\t\t\t\t\tdata-text=\"w:normal;l:22;\"\n\t\t\t\t\t\t\t\tdata-dim=\"w:896px;h:822px;\"\n\t\t\t\t\t\t\t\tdata-frame_0=\"x:-50px;tp:600;\"\n\t\t\t\t\t\t\t\tdata-frame_1=\"tp:600;e:power2.inOut;st:1850;sp:910;sR:1850;\"\n\t\t\t\t\t\t\t\tdata-frame_999=\"o:0;tp:600;e:nothing;st:w;sR:2240;\"\n\t\t\t\t\t\t\t\tstyle=\"z-index:10;\"\n\t\t\t\t\t\t\t><img decoding=\"async\" src=\"\/\/www.novamedex.rs\/wp-content\/plugins\/revslider\/sr6\/assets\/assets\/dummy.png\" alt=\"\" class=\"tp-rs-img rs-lazyload\" width=\"896\" height=\"822\" data-lazyload=\"\/\/www.novamedex.rs\/files\/caffe-espreso.png\" data-no-retina> \n\t\t\t\t\t\t\t<\/rs-layer><!--\n\n\t\t\t\t\t\t\t--><rs-layer\n\t\t\t\t\t\t\t\tid=\"slider-2-slide-4-layer-6\" \n\t\t\t\t\t\t\t\tclass=\"rs-pxl-2\"\n\t\t\t\t\t\t\t\tdata-type=\"image\"\n\t\t\t\t\t\t\t\tdata-rsp_ch=\"on\"\n\t\t\t\t\t\t\t\tdata-xy=\"x:897px;y:-8px;\"\n\t\t\t\t\t\t\t\tdata-text=\"w:normal;l:22;\"\n\t\t\t\t\t\t\t\tdata-dim=\"w:961px;h:955px;\"\n\t\t\t\t\t\t\t\tdata-frame_0=\"x:50px;tp:600;\"\n\t\t\t\t\t\t\t\tdata-frame_1=\"tp:600;st:2500;sp:990;sR:2500;\"\n\t\t\t\t\t\t\t\tdata-frame_999=\"o:0;tp:600;e:nothing;st:w;sR:1510;\"\n\t\t\t\t\t\t\t\tstyle=\"z-index:11;\"\n\t\t\t\t\t\t\t><img decoding=\"async\" src=\"\/\/www.novamedex.rs\/wp-content\/plugins\/revslider\/sr6\/assets\/assets\/dummy.png\" alt=\"\" class=\"tp-rs-img rs-lazyload\" width=\"962\" height=\"939\" data-lazyload=\"\/\/www.novamedex.rs\/files\/falo-hot.png\" data-no-retina> \n\t\t\t\t\t\t\t<\/rs-layer><!--\n\n\t\t\t\t\t\t\t--><rs-layer\n\t\t\t\t\t\t\t\tid=\"slider-2-slide-4-layer-12\" \n\t\t\t\t\t\t\t\tclass=\"rs-nolc rs-pxl-1 rs-layer-video intrinsic-ignore\"\n\t\t\t\t\t\t\t\tdata-type=\"video\"\n\t\t\t\t\t\t\t\tdata-rsp_ch=\"on\"\n\t\t\t\t\t\t\t\tdata-xy=\"x:780px;y:380px;\"\n\t\t\t\t\t\t\t\tdata-text=\"l:22;\"\n\t\t\t\t\t\t\t\tdata-dim=\"w:1200px;h:300;\"\n\t\t\t\t\t\t\t\tdata-blendmode=\"screen\"\n\t\t\t\t\t\t\t\tdata-video=\"vfc:true;vd:100;rwd:f;l:true;ptimer:false;nse:f;sav:f;inl:f;\"\n\t\t\t\t\t\t\t\tdata-mp4=\"\/\/www.novamedex.rs\/files\/animacija-vatre.mp4\"\n\t\t\t\t\t\t\t\tdata-frame_0=\"tp:600;\"\n\t\t\t\t\t\t\t\tdata-frame_1=\"tp:600;e:power2.inOut;st:600;sp:430;sR:600;\"\n\t\t\t\t\t\t\t\tdata-frame_999=\"o:0;tp:600;e:nothing;st:w;sR:3970;\"\n\t\t\t\t\t\t\t\tstyle=\"z-index:12;\"\n\t\t\t\t\t\t\t>\n\t\t\t\t\t\t\t<\/rs-layer><!--\n\n\t\t\t\t\t\t\t--><rs-layer\n\t\t\t\t\t\t\t\tid=\"slider-2-slide-4-layer-17\" \n\t\t\t\t\t\t\t\tdata-type=\"text\"\n\t\t\t\t\t\t\t\tdata-color=\"rgba(255,255,255,1)\"\n\t\t\t\t\t\t\t\tdata-rsp_ch=\"on\"\n\t\t\t\t\t\t\t\tdata-xy=\"x:1487px;y:461px;\"\n\t\t\t\t\t\t\t\tdata-text=\"w:normal;l:22;a:inherit;\"\n\t\t\t\t\t\t\t\tdata-frame_0=\"tp:600;\"\n\t\t\t\t\t\t\t\tdata-frame_1=\"tp:600;sR:10;\"\n\t\t\t\t\t\t\t\tdata-frame_999=\"o:0;tp:600;st:w;sR:4690;\"\n\t\t\t\t\t\t\t\tstyle=\"z-index:13;font-family:'Open Sans';\"\n\t\t\t\t\t\t\t><div class=\"pulsating-circle\"><\/div> \n\t\t\t\t\t\t\t<\/rs-layer><!--\n-->\t\t\t\t\t<\/rs-slide>\n\t\t\t\t\t\t<rs-slide style=\"position: absolute;\" data-key=\"rs-3\" data-title=\"Easy Cold&lt;sup&gt;TM&lt;\/sup&gt;\" data-thumb=\"\/\/www.novamedex.rs\/files\/background.png\" data-anim=\"adpr:false;\">\n\t\t\t\t\t\t\t<img decoding=\"async\" src=\"\/\/www.novamedex.rs\/wp-content\/plugins\/revslider\/sr6\/assets\/assets\/dummy.png\" alt=\"Easy Cold&lt;sup&gt;TM&lt;\/sup&gt;\" title=\"NASLOVNA\" class=\"rev-slidebg tp-rs-img rs-lazyload\" data-lazyload=\"\/\/www.novamedex.rs\/wp-content\/plugins\/revslider\/sr6\/assets\/assets\/transparent.png\" data-bg=\"c:#074d93;\" data-parallax=\"off\" data-no-retina>\n<!--\n\t\t\t\t\t\t\t--><rs-layer\n\t\t\t\t\t\t\t\tid=\"slider-2-slide-3-layer-14\" \n\t\t\t\t\t\t\t\tclass=\"rs-nolc rs-layer-video intrinsic-ignore\"\n\t\t\t\t\t\t\t\tdata-type=\"video\"\n\t\t\t\t\t\t\t\tdata-rsp_ch=\"on\"\n\t\t\t\t\t\t\t\tdata-text=\"l:22;\"\n\t\t\t\t\t\t\t\tdata-dim=\"w:1920px;h:300;\"\n\t\t\t\t\t\t\t\tdata-blendmode=\"screen\"\n\t\t\t\t\t\t\t\tdata-video=\"vfc:true;vd:100;rwd:f;l:true;ptimer:false;nse:f;sav:f;inl:f;\"\n\t\t\t\t\t\t\t\tdata-mp4=\"\/\/www.novamedex.rs\/files\/novamedex-frost.mp4\"\n\t\t\t\t\t\t\t\tdata-frame_0=\"tp:600;\"\n\t\t\t\t\t\t\t\tdata-frame_1=\"tp:600;e:power2.inOut;sp:260;sR:10;\"\n\t\t\t\t\t\t\t\tdata-frame_999=\"o:0;tp:600;e:nothing;st:w;sR:4730;\"\n\t\t\t\t\t\t\t\tstyle=\"z-index:5;\"\n\t\t\t\t\t\t\t>\n\t\t\t\t\t\t\t<\/rs-layer><!--\n\n\t\t\t\t\t\t\t--><rs-layer\n\t\t\t\t\t\t\t\tid=\"slider-2-slide-3-layer-16\" \n\t\t\t\t\t\t\t\tclass=\"rs-pxl-2\"\n\t\t\t\t\t\t\t\tdata-type=\"image\"\n\t\t\t\t\t\t\t\tdata-rsp_ch=\"on\"\n\t\t\t\t\t\t\t\tdata-xy=\"x:-95px;y:-55px;\"\n\t\t\t\t\t\t\t\tdata-text=\"l:22;a:inherit;\"\n\t\t\t\t\t\t\t\tdata-dim=\"w:2200px;h:1400px;\"\n\t\t\t\t\t\t\t\tdata-blendmode=\"overlay\"\n\t\t\t\t\t\t\t\tdata-frame_0=\"tp:600;\"\n\t\t\t\t\t\t\t\tdata-frame_1=\"tp:600;sp:510;sR:10;\"\n\t\t\t\t\t\t\t\tdata-frame_999=\"o:0;tp:600;st:w;sR:4480;\"\n\t\t\t\t\t\t\t\tstyle=\"z-index:6;\"\n\t\t\t\t\t\t\t><img decoding=\"async\" src=\"\/\/www.novamedex.rs\/wp-content\/plugins\/revslider\/sr6\/assets\/assets\/dummy.png\" alt=\"\" class=\"tp-rs-img rs-lazyload\" width=\"2200\" height=\"1400\" data-lazyload=\"\/\/www.novamedex.rs\/files\/background-slide.jpg\" data-no-retina> \n\t\t\t\t\t\t\t<\/rs-layer><!--\n\n\t\t\t\t\t\t\t--><rs-layer\n\t\t\t\t\t\t\t\tid=\"slider-2-slide-3-layer-1\" \n\t\t\t\t\t\t\t\tclass=\"Furniture-LogoText\"\n\t\t\t\t\t\t\t\tdata-type=\"text\"\n\t\t\t\t\t\t\t\tdata-color=\"rgba(7,77,147,1)\"\n\t\t\t\t\t\t\t\tdata-rsp_ch=\"on\"\n\t\t\t\t\t\t\t\tdata-xy=\"x:367px;y:273px;\"\n\t\t\t\t\t\t\t\tdata-text=\"s:100;l:150;fw:900;\"\n\t\t\t\t\t\t\t\tdata-frame_0=\"y:-50px;tp:600;\"\n\t\t\t\t\t\t\t\tdata-frame_1=\"tp:600;e:power2.inOut;st:500;sp:910;sR:500;\"\n\t\t\t\t\t\t\t\tdata-frame_999=\"o:0;tp:600;e:nothing;st:w;sR:3590;\"\n\t\t\t\t\t\t\t\tstyle=\"z-index:7;font-family:'Raleway';text-shadow:none;\"\n\t\t\t\t\t\t\t>EASY COLD \n\t\t\t\t\t\t\t<\/rs-layer><!--\n\n\t\t\t\t\t\t\t--><rs-layer\n\t\t\t\t\t\t\t\tid=\"slider-2-slide-3-layer-2\" \n\t\t\t\t\t\t\t\tdata-type=\"text\"\n\t\t\t\t\t\t\t\tdata-color=\"rgba(7,77,147,1)\"\n\t\t\t\t\t\t\t\tdata-rsp_ch=\"on\"\n\t\t\t\t\t\t\t\tdata-xy=\"x:368px;y:399px;\"\n\t\t\t\t\t\t\t\tdata-text=\"w:normal;l:28;fw:300;\"\n\t\t\t\t\t\t\t\tdata-dim=\"w:480px;\"\n\t\t\t\t\t\t\t\tdata-padding=\"t:20;r:30;b:20;l:30;\"\n\t\t\t\t\t\t\t\tdata-frame_0=\"tp:600;\"\n\t\t\t\t\t\t\t\tdata-frame_1=\"tp:600;e:power2.inOut;st:770;sp:880;sR:770;\"\n\t\t\t\t\t\t\t\tdata-frame_999=\"o:0;tp:600;e:nothing;st:w;sR:3350;\"\n\t\t\t\t\t\t\t\tstyle=\"z-index:8;background-color:rgba(255,255,255,1);font-family:'';\"\n\t\t\t\t\t\t\t>Novamedex te\u017ei da razvije inovativne i alternativne na\u010dine pakovanja, koji \u0107e uvek doprinositi dodatnoj vrednosti proizvoda koja prati zahteve stila \u017eivota dana\u0161njice. \n\t\t\t\t\t\t\t<\/rs-layer><!--\n\n\t\t\t\t\t\t\t--><rs-layer\n\t\t\t\t\t\t\t\tid=\"slider-2-slide-3-layer-4\" \n\t\t\t\t\t\t\t\tclass=\"rev-btn rev-withicon\"\n\t\t\t\t\t\t\t\tdata-type=\"button\"\n\t\t\t\t\t\t\t\tdata-color=\"rgba(7,77,147,1)\"\n\t\t\t\t\t\t\t\tdata-rsp_ch=\"on\"\n\t\t\t\t\t\t\t\tdata-xy=\"x:374px;y:599px;\"\n\t\t\t\t\t\t\t\tdata-text=\"s:17;l:17;fw:500;\"\n\t\t\t\t\t\t\t\tdata-actions='o:click;a:simplelink;target:_self;url:https:\/\/www.novamedex.rs\/products\/easy-hot\/;'\n\t\t\t\t\t\t\t\tdata-padding=\"t:12;r:35;b:12;l:35;\"\n\t\t\t\t\t\t\t\tdata-border=\"bor:30px,30px,30px,30px;\"\n\t\t\t\t\t\t\t\tdata-frame_0=\"y:50px;tp:600;\"\n\t\t\t\t\t\t\t\tdata-frame_1=\"tp:600;e:power2.inOut;st:1310;sp:910;sR:1310;\"\n\t\t\t\t\t\t\t\tdata-frame_999=\"o:0;tp:600;e:nothing;st:w;sR:2780;\"\n\t\t\t\t\t\t\t\tdata-frame_hover=\"c:#000;bgc:#fff;boc:#000;bor:30px,30px,30px,30px;bos:solid;oX:50;oY:50;sp:.5;e:none;\"\n\t\t\t\t\t\t\t\tstyle=\"z-index:9;background-color:rgba(255,255,255,1);font-family:'Roboto';cursor:pointer;outline:none;box-shadow:none;box-sizing:border-box;-moz-box-sizing:border-box;-webkit-box-sizing:border-box;\"\n\t\t\t\t\t\t\t>PRO\u010cITAJ VI\u0160E<i class=\"fa-chevron-right\"><\/i> \n\t\t\t\t\t\t\t<\/rs-layer><!--\n\n\t\t\t\t\t\t\t--><rs-layer\n\t\t\t\t\t\t\t\tid=\"slider-2-slide-3-layer-5\" \n\t\t\t\t\t\t\t\tclass=\"rs-pxl-1\"\n\t\t\t\t\t\t\t\tdata-type=\"image\"\n\t\t\t\t\t\t\t\tdata-rsp_ch=\"on\"\n\t\t\t\t\t\t\t\tdata-xy=\"x:708px;y:73px;\"\n\t\t\t\t\t\t\t\tdata-text=\"w:normal;l:22;\"\n\t\t\t\t\t\t\t\tdata-dim=\"w:896px;h:822px;\"\n\t\t\t\t\t\t\t\tdata-frame_0=\"x:-50px;tp:600;\"\n\t\t\t\t\t\t\t\tdata-frame_1=\"tp:600;e:power2.inOut;st:1850;sp:910;sR:1850;\"\n\t\t\t\t\t\t\t\tdata-frame_999=\"o:0;tp:600;e:nothing;st:w;sR:2240;\"\n\t\t\t\t\t\t\t\tstyle=\"z-index:10;\"\n\t\t\t\t\t\t\t><img decoding=\"async\" src=\"\/\/www.novamedex.rs\/wp-content\/plugins\/revslider\/sr6\/assets\/assets\/dummy.png\" alt=\"\" class=\"tp-rs-img rs-lazyload\" width=\"896\" height=\"822\" data-lazyload=\"\/\/www.novamedex.rs\/files\/ice-tea.png\" data-no-retina> \n\t\t\t\t\t\t\t<\/rs-layer><!--\n\n\t\t\t\t\t\t\t--><rs-layer\n\t\t\t\t\t\t\t\tid=\"slider-2-slide-3-layer-6\" \n\t\t\t\t\t\t\t\tclass=\"rs-pxl-2\"\n\t\t\t\t\t\t\t\tdata-type=\"image\"\n\t\t\t\t\t\t\t\tdata-rsp_ch=\"on\"\n\t\t\t\t\t\t\t\tdata-xy=\"x:897px;y:-8px;\"\n\t\t\t\t\t\t\t\tdata-text=\"w:normal;l:22;\"\n\t\t\t\t\t\t\t\tdata-dim=\"w:961px;h:955px;\"\n\t\t\t\t\t\t\t\tdata-frame_0=\"x:50px;tp:600;\"\n\t\t\t\t\t\t\t\tdata-frame_1=\"tp:600;st:2500;sp:990;sR:2500;\"\n\t\t\t\t\t\t\t\tdata-frame_999=\"o:0;tp:600;e:nothing;st:w;sR:1510;\"\n\t\t\t\t\t\t\t\tstyle=\"z-index:11;\"\n\t\t\t\t\t\t\t><img decoding=\"async\" src=\"\/\/www.novamedex.rs\/wp-content\/plugins\/revslider\/sr6\/assets\/assets\/dummy.png\" alt=\"\" class=\"tp-rs-img rs-lazyload\" width=\"962\" height=\"939\" data-lazyload=\"\/\/www.novamedex.rs\/files\/sangria.png\" data-no-retina> \n\t\t\t\t\t\t\t<\/rs-layer><!--\n-->\t\t\t\t\t<\/rs-slide>\n\t\t\t\t\t<\/rs-slides>\n\t\t\t\t<\/rs-module>\n\t\t\t\t<script>\n\t\t\t\t\tsetREVStartSize({c: 'rev_slider_2_1',rl:[1240,1024,778,480],el:[],gw:[1920],gh:[1080],type:'standard',justify:'',layout:'fullwidth',mh:\"0\"});if (window.RS_MODULES!==undefined && window.RS_MODULES.modules!==undefined && window.RS_MODULES.modules[\"revslider21\"]!==undefined) {window.RS_MODULES.modules[\"revslider21\"].once = false;window.revapi2 = undefined;if (window.RS_MODULES.checkMinimal!==undefined) window.RS_MODULES.checkMinimal()}\n\t\t\t\t<\/script>\n\t\t\t<\/rs-module-wrap>\n\t\t\t<!-- END REVOLUTION SLIDER -->\n\n<div class=\"jas-row jas-page mt__50 mb__50\">\n<div class=\"jas-col-md-3 jas-col-sm-6 jas-col-xs-12 center nopadding ikonica\">\n<a href=\"https:\/\/www.novamedex.rs\/solutions\/\"><\/a><br \/>\n<img decoding=\"async\" src=\"https:\/\/www.novamedex.rs\/files\/ikonica-01.svg\" alt=\"NOVAMEDEX | Ikonica\"><\/p>\n<h2>KAKO FUNKCIONI\u0160E?<\/h2>\n<p>1. PRITISNITE, pritiskajte jako dok ne osetite \u201eprasak\u201c<br \/>\n2. PROMU\u0106KAJTE, mu\u0107kajte 30 sekundi<br \/>\n3. OPUSTITE SE, sa\u010dekajte 2-3 minuta<br \/>\n4. OTVORITE, okrenite poklopac na levo kako biste otvorili<br \/>\n5. U\u017dIVAJTE, u\u017eivajte u trenutku!\n<\/p><\/div>\n<div class=\"jas-col-md-3 jas-col-sm-6 jas-col-xs-12 center nopadding ikonica\">\n<a href=\"https:\/\/www.novamedex.rs\/investors\/\"><\/a><br \/>\n<img decoding=\"async\" src=\"https:\/\/www.novamedex.rs\/files\/ikonica-02.svg\" alt=\"NOVAMEDEX | Ikonica\"><\/p>\n<h2>INVESTITOR<\/h2>\n<p>Novamedex je plod velikog rada. Njen multidisciplinarni tim radi ve\u0107 mnogo godina na razvijanju inovativnih re\u0161enja i na razvijanju mre\u017ee kompetentnih ljudi spremnih da osvoje tr\u017ei\u0161ta \u0161irom sveta.<\/p>\n<\/div>\n<div class=\"jas-col-md-3 jas-col-sm-6 jas-col-xs-12 center nopadding ikonica\">\n<a href=\"https:\/\/www.novamedex.rs\/contact\/\"><\/a><br \/>\n<img decoding=\"async\" src=\"https:\/\/www.novamedex.rs\/files\/ikonica-03.svg\" alt=\"NOVAMEDEX | Ikonica\"><\/p>\n<h2>PRIDRU\u017dITE SE TIMU<\/h2>\n<p>Novamedex brzo raste i kako bi odgovorio na izazove, tim je u potrazi za novim talentima koji su spremni da primene svoje vrline na jedinstvenom tr\u017ei\u0161tu koje je stalno u porastu.<\/p>\n<\/div>\n<div class=\"jas-col-md-3 jas-col-sm-6 jas-col-xs-12 center nopadding ikonica\">\n<a href=\"https:\/\/www.novamedex.rs\/media-news\/\"><\/a><br \/>\n<img decoding=\"async\" src=\"https:\/\/www.novamedex.rs\/files\/ikonica-04.svg\" alt=\"NOVAMEDEX | Ikonica\"><\/p>\n<h2>VESTI<\/h2>\n<p>Proizvod je prezentovan na ARCA expo-u u Zagrebu. Dodeljena nam je zlatna plaketa na presti\u017enoj Me\u0111unarodnoj izlo\u017ebi inovacija ARCA u Zagrebu. <\/p>\n<\/div>\n<\/div>\n","protected":false},"excerpt":{"rendered":"<p>KAKO FUNKCIONI\u0160E? 1. PRITISNITE, pritiskajte jako dok ne osetite \u201eprasak\u201c 2. PROMU\u0106KAJTE, mu\u0107kajte 30 sekundi 3. OPUSTITE SE, sa\u010dekajte 2-3 [&hellip;]<\/p>\n","protected":false},"author":1,"featured_media":0,"parent":0,"menu_order":0,"comment_status":"closed","ping_status":"closed","template":"page-punasirina.php","meta":{"footnotes":""},"class_list":["post-282","page","type-page","status-publish","hentry"],"_links":{"self":[{"href":"https:\/\/www.novamedex.rs\/sr\/wp-json\/wp\/v2\/pages\/282","targetHints":{"allow":["GET"]}}],"collection":[{"href":"https:\/\/www.novamedex.rs\/sr\/wp-json\/wp\/v2\/pages"}],"about":[{"href":"https:\/\/www.novamedex.rs\/sr\/wp-json\/wp\/v2\/types\/page"}],"author":[{"embeddable":true,"href":"https:\/\/www.novamedex.rs\/sr\/wp-json\/wp\/v2\/users\/1"}],"replies":[{"embeddable":true,"href":"https:\/\/www.novamedex.rs\/sr\/wp-json\/wp\/v2\/comments?post=282"}],"version-history":[{"count":3,"href":"https:\/\/www.novamedex.rs\/sr\/wp-json\/wp\/v2\/pages\/282\/revisions"}],"predecessor-version":[{"id":323,"href":"https:\/\/www.novamedex.rs\/sr\/wp-json\/wp\/v2\/pages\/282\/revisions\/323"}],"wp:attachment":[{"href":"https:\/\/www.novamedex.rs\/sr\/wp-json\/wp\/v2\/media?parent=282"}],"curies":[{"name":"wp","href":"https:\/\/api.w.org\/{rel}","templated":true}]}}